{"id":38,"date":"2025-01-07T09:40:27","date_gmt":"2025-01-07T09:40:27","guid":{"rendered":"https:\/\/vanghaihung.com\/about\/"},"modified":"2026-03-16T15:48:56","modified_gmt":"2026-03-16T15:48:56","slug":"about","status":"publish","type":"page","link":"https:\/\/vanghaihung.com\/vi\/about\/","title":{"rendered":"About \u2013 Vang Hai Hung"},"content":{"rendered":"<p>Lorem Ipsum has been the industry&#8217;s standard dummy text ever since the 1500s.<\/p>\n\n\n\n<p class=\"gutenify-section-7d3fce40-ce6f-11ef-95b8-a79b3d55891f has-foreground-color has-text-color has-link-color has-jost-font-family wp-elements-d455e187a6b639c62dac2cb93dc5cdad\" style=\"margin-top:0;margin-right:0.3rem;margin-bottom:0;margin-left:0.3rem;font-size:clamp(39.538px, 2.471rem + ((1vw - 3.2px) * 3.916), 74px);\"><strong>V\u00c0NG H\u1ea2I H\u01afN<\/strong><strong>G<\/strong><\/p>\n\n\n\n<p class=\"gutenify-section-d6606cf0-ce6f-11ef-95b8-a79b3d55891f has-foreground-color has-text-color has-link-color wp-elements-d63ad1c722d08a3f40b4d58f13925493\" style=\"margin-top:0;margin-right:0.3rem;margin-bottom:0;margin-left:0.3rem\"><strong>1995 <br>VI\u1ec6T NAM<\/strong><\/p>\n\n\n\n\n\n\n\n<p class=\"gutenify-section-17a5ed70-ced9-11ef-b251-e36da501a262 has-large-font-size\" style=\"border-style:none;border-width:0px;letter-spacing:1px;line-height:1\"><strong>H\u1eccC V\u1ea4N<\/strong><\/p>\n\n\n\n<pre class=\"wp-block-verse gutenify-section-c52f9630-ced9-11ef-b251-e36da501a262 has-foreground-color has-text-color has-link-color has-small-font-size wp-elements-000f2fc171b5a81865fd40de0076df80\" style=\"margin-top:0;margin-right:0rem;margin-bottom:0;margin-left:0rem;letter-spacing:-0.2px\"><strong>2020   Bacherlor of Fine Arts (BFA)<\/strong><br>             TR\u01af\u1edcNG \u0110\u1ea0I H\u1eccC M\u1ef8 THU\u1eacT VI\u1ec6T NAM<\/pre>\n\n\n\n\n\n\n\n<p class=\"gutenify-section-8186b990-ced9-11ef-b251-e36da501a262 has-large-font-size\" style=\"font-style:normal;font-weight:1000;line-height:1\"> <strong>TUY\u00caN NG\u00d4N NGH\u1ec6 S\u0128<\/strong><\/p>\n\n\n\n<p class=\"has-text-align-left gutenify-section-f79f4010-ce71-11ef-9fe3-8fe7fd565f69 has-foreground-color has-text-color has-link-color has-small-font-size wp-elements-aab5b4c93bdf3ed3dd7656d867939e00\" style=\"margin-top:0;margin-right:0.3rem;margin-bottom:0;margin-left:0.3rem;font-style:normal;font-weight:400\">L\u1edbn l\u00ean \u1edf v\u00f9ng n\u00fai T\u00e2y B\u1eafc Vi\u1ec7t Nam \u0111\u00e3 \u1ea3nh h\u01b0\u1edfng s\u00e2u s\u1eafc \u0111\u1ebfn c\u00e1ch t\u00f4i nh\u00ecn nh\u1eadn v\u00e0 s\u00e1ng t\u00e1c ngh\u1ec7 thu\u1eadt. Nh\u1eefng c\u1ea3nh quan n\u01a1i \u0111\u00e2y c\u00f9ng \u0111\u1eddi s\u1ed1ng th\u01b0\u1eddng nh\u1eadt c\u1ee7a c\u00e1c c\u1ed9ng \u0111\u1ed3ng d\u00e2n c\u01b0 \u0111\u00e3 mang \u0111\u1ebfn cho t\u00f4i ngu\u1ed3n k\u00fd \u1ee9c v\u00e0 quan s\u00e1t phong ph\u00fa v\u1ec1 v\u0103n h\u00f3a, lao \u0111\u1ed9ng v\u00e0 nh\u1eefng kho\u1ea3nh kh\u1eafc \u0111\u1eddi s\u1ed1ng b\u00ecnh d\u1ecb.<\/p>\n\n\n\n<p><\/p>\n\n\n\n<p class=\"has-text-align-left gutenify-section-f79f4010-ce71-11ef-9fe3-8fe7fd565f69 has-foreground-color has-text-color has-link-color has-small-font-size wp-elements-fce38cdfdfbef34de5122db20fbd1bdc\" style=\"margin-top:0;margin-right:0.3rem;margin-bottom:0;margin-left:0.3rem;font-style:normal;font-weight:400\">C\u00e1c t\u00e1c ph\u1ea9m c\u1ee7a t\u00f4i th\u01b0\u1eddng xoay quanh h\u00ecnh \u1ea3nh ng\u01b0\u1eddi lao \u0111\u1ed9ng, \u0111\u1ed3ng c\u1ecf, \u0111\u1ed3i n\u00fai, gia s\u00fac, gia c\u1ea7m v\u00e0 nh\u1eefng y\u1ebfu t\u1ed1 gi\u1ea3n d\u1ecb c\u1ee7a \u0111\u1eddi s\u1ed1ng n\u00f4ng th\u00f4n. T\u00f4i b\u1ecb thu h\u00fat b\u1edfi nh\u1eefng kh\u00eda c\u1ea1nh l\u1eb7ng l\u1ebd v\u00e0 nh\u1eefng chuy\u1ec3n \u0111\u1ed9ng \u00e2m th\u1ea7m c\u1ee7a x\u00e3 h\u1ed9i, nh\u1eefng \u0111i\u1ec1u t\u01b0\u1edfng nh\u01b0 v\u00f4 h\u00ecnh nh\u01b0ng lu\u00f4n hi\u1ec7n di\u1ec7n trong \u0111\u1eddi s\u1ed1ng, v\u00e0 \u0111ang d\u1ea7n phai nh\u1ea1t tr\u01b0\u1edbc qu\u00e1 tr\u00ecnh \u0111\u00f4 th\u1ecb h\u00f3a c\u00f9ng nh\u1eefng bi\u1ebfn \u0111\u1ed5i nhanh ch\u00f3ng c\u1ee7a th\u1eddi \u0111\u1ea1i. Nh\u1eefng h\u00ecnh \u1ea3nh \u1ea5y mang theo c\u1ea3m gi\u00e1c ho\u00e0i ni\u1ec7m, ph\u1ea3n chi\u1ebfu c\u1ea3 k\u00fd \u1ee9c l\u1eabn s\u1ef1 chuy\u1ec3n m\u00ecnh c\u1ee7a th\u1eddi \u0111\u1ea1i.<\/p>\n\n\n\n<p><\/p>\n\n\n\n<p class=\"has-text-align-left gutenify-section-f79f4010-ce71-11ef-9fe3-8fe7fd565f69 has-foreground-color has-text-color has-link-color has-small-font-size wp-elements-7b78223dd549db13c15d2e0a8e9865f1\" style=\"margin-top:0;margin-right:0.3rem;margin-bottom:0;margin-left:0.3rem;font-style:normal;font-weight:400\">H\u1ed9i h\u1ecda \u0111\u1ed1i v\u1edbi t\u00f4i l\u00e0 m\u1ed9t c\u00e1ch \u0111\u1ec3 chuy\u1ec3n t\u1ea3i nh\u1eefng tr\u0103n tr\u1edf, c\u1ea3m x\u00fac v\u00e0 suy ng\u1eabm v\u1ec1 s\u1ef1 thay \u0111\u1ed5i c\u1ee7a \u0111\u1eddi s\u1ed1ng \u0111\u01b0\u01a1ng \u0111\u1ea1i. Th\u00f4ng qua s\u1ef1 quan s\u00e1t tinh t\u1ebf v\u00e0 c\u00e1ch bi\u1ec3u \u0111\u1ea1t ch\u00e2n th\u00e0nh, t\u00f4i mong mu\u1ed1n kh\u1eafc h\u1ecda m\u1ed1i quan h\u1ec7 gi\u1eefa con ng\u01b0\u1eddi, m\u00f4i tr\u01b0\u1eddng s\u1ed1ng v\u00e0 x\u00e3 h\u1ed9i xung quanh.<\/p>\n\n\n\n\n\n\n\n<p class=\"gutenify-section-1f7999b0-ceda-11ef-b251-e36da501a262 has-large-font-size\" style=\"border-style:none;border-width:0px;font-style:normal;font-weight:1000;letter-spacing:1px;line-height:1\"><strong>C\u00c1C TRI\u1ec2N L\u00c3M V\u00c0 WORKSHOP<\/strong><\/p>\n\n\n\n<div class=\"wp-block-columns gutenify-section-26bdfe40-cedb-11ef-b251-e36da501a262 is-layout-flex wp-container-core-columns-is-layout-28f84493 wp-block-columns-is-layout-flex\">\n<div class=\"wp-block-column gutenify-section-26b8a710-cedb-11ef-b251-e36da501a262 is-layout-flow wp-block-column-is-layout-flow\" style=\"flex-basis:100%\">\n<div class=\"wp-block-group gutenify-section-1f12a510-cedb-11ef-b251-e36da501a262 has-global-padding is-layout-constrained wp-block-group-is-layout-constrained\">\n<div class=\"wp-block-columns gutenify-section-15b66790-cedb-11ef-b251-e36da501a262 is-layout-flex wp-container-core-columns-is-layout-28f84493 wp-block-columns-is-layout-flex\">\n<div class=\"wp-block-column gutenify-section-15b11060-cedb-11ef-b251-e36da501a262 is-layout-flow wp-block-column-is-layout-flow\" style=\"flex-basis:100%\">\n<pre class=\"wp-block-verse gutenify-section-c86eed40-ceda-11ef-b251-e36da501a262 has-foreground-color has-text-color has-link-color has-gilda-display-1-font-family has-small-font-size wp-elements-b9d7ca8d62d8e37e59111763953d83cd\" style=\"margin-top:0;margin-right:0.3rem;margin-bottom:0;margin-left:0.3rem;font-style:normal;font-weight:400\">- Tri\u1ec3n l\u00e3m M\u1ef9 thu\u1eadt Khu v\u1ef1c T\u00e2y B\u1eafc - \u0110\u00f4ng B\u1eafc t\u1ea1i L\u00e0o Cai (2018)<br>- Tri\u1ec3n l\u00e3m H\u1ecda s\u0129 tr\u1ebb \u201cHow much is this\u201d t\u1ea1i Nh\u00e0 tri\u1ec3n l\u00e3m 16 Ng\u00f4 Quy\u1ec1n (2018)<br>- Workshop (T\u1ecda \u0111\u00e0m\/X\u01b0\u1edfng th\u1ef1c h\u00e0nh) n\u1eb1m trong khu\u00f4n kh\u1ed5 h\u1ee3p t\u00e1c gi\u1eefa Vi\u1ec7n Goethe H\u00e0 N\u1ed9i v\u00e0 Tr\u01b0\u1eddng \u0110\u1ea1i h\u1ecdc M\u1ef9 thu\u1eadt Vi\u1ec7t Nam (2019)<br>- Tham gia s\u00e1ng t\u00e1c tranh c\u1ed5 \u0111\u1ed9ng (propaganda paintings) cho Ng\u00e0y L\u01b0\u01a1ng th\u1ef1c Th\u1ebf gi\u1edbi thu\u1ed9c d\u1ef1 \u00e1n FAO t\u1ea1i Vi\u1ec7t Nam v\u00e0 Vi\u1ec7n Dinh d\u01b0\u1ee1ng Qu\u1ed1c gia (2019)<br>- Tri\u1ec3n l\u00e3m \u201cM\u1eddi b\u1ea1n v\u00e0o\u201d t\u1ea1i 16 Ng\u00f4 Quy\u1ec1n (2020)<br>- Tri\u1ec3n l\u00e3m Li\u00ean hoan M\u1ef9 thu\u1eadt Tr\u1ebb (2020)<br>- Tri\u1ec3n l\u00e3m M\u1ef9 thu\u1eadt To\u00e0n qu\u1ed1c (2020)<br>- VCCA Young Artists Club Exhibition \u201cWhat are you PLAYING with?\u201d (2021)<br>- Ch\u01b0\u01a1ng tr\u00ecnh L\u01b0u tr\u00fa v\u00e0 S\u00e1ng t\u00e1c Ngh\u1ec7 thu\u1eadt (Art Residency &amp; Creation program) t\u1ea1i Phu Quoc United Centre (2021) (VCCA)<br>- Ch\u01b0\u01a1ng tr\u00ecnh Workshop &amp; Tr\u01b0ng b\u00e0y Ngh\u1ec7 thu\u1eadt \u201cT\u01b0\u01a1ng lai c\u1ee7a Th\u1eddi gian\u201d (The Future of Time) (VCCA)<br>- 5<sup>th <\/sup>- Workshop H\u00e0 N\u1ed9i Art Connecting - Tri\u1ec3n l\u00e3m M\u1ef9 thu\u1eadt Qu\u1ed1c t\u1ebf l\u1ea7n th\u1ee9 V (2022)<br>- Tri\u1ec3n l\u00e3m Li\u00ean hoan M\u1ef9 thu\u1eadt Tr\u1ebb (2022)<br>- Tri\u1ec3n l\u00e3m \u201cNg\u01b0\u1eddi l\u00e0m V\u01b0\u1eddn\u201d (Gardeners) (VCCA) (2023)<br>- Tri\u1ec3n l\u00e3m M\u1ef9 thu\u1eadt Vi\u1ec7t Nam (2023)<br>- Tr\u1ea1i s\u00e1ng t\u00e1c M\u1ef9 thu\u1eadt - B\u1ed9 C\u00f4ng an \u201cCh\u00e0o m\u1eebng 50 n\u0103m Ng\u00e0y Truy\u1ec1n th\u1ed1ng L\u1ef1c l\u01b0\u1ee3ng CSCD\u201d (2024) (CSCD: C\u1ea3nh s\u00e1t C\u01a1 \u0111\u1ed9ng)<br>- Tr\u1ea1i s\u00e1ng t\u00e1c M\u1ef9 thu\u1eadt - B\u1ed9 C\u00f4ng an \u201cCh\u00e0o m\u1eebng 80 n\u0103m Ng\u00e0y Truy\u1ec1n th\u1ed1ng L\u1ef1c l\u01b0\u1ee3ng CAND\u201d (2024) (CAND: C\u00f4ng an Nh\u00e2n d\u00e2n)<br>- Tri\u1ec3n l\u00e3m M\u1ef9 thu\u1eadt Khu v\u1ef1c I H\u00e0 N\u1ed9i, l\u1ea7n th\u1ee9 29 (2024)<br>- 6<sup>th <\/sup> - Workshop H\u00e0 N\u1ed9i Art Connecting - Tri\u1ec3n l\u00e3m M\u1ef9 thu\u1eadt Qu\u1ed1c t\u1ebf l\u1ea7n th\u1ee9 VI (2024)<br>- Tri\u1ec3n l\u00e3m M\u1ef9 thu\u1eadt to\u00e0n qu\u1ed1c \u0111\u1ec1 t\u00e0i L\u1ef1c l\u01b0\u1ee3ng v\u0169 trang - Chi\u1ebfn Tranh c\u00e1ch m\u1ea1ng (2019 - 2024) (2024)<br>- Tri\u1ec3n l\u00e3m th\u00e0nh t\u1ef1 \u0110\u1ea5t n\u01b0\u1edbc nh\u00e2n d\u1ecbp k\u1ef7 ni\u1ec7m 80 n\u0103m ng\u00e0y Qu\u1ed1c Kh\u00e1nh N\u01b0\u1edbc C\u1ed9ng h\u00f2a X\u00e3 h\u1ed9i Ch\u1ee7 ngh\u0129a Vi\u1ec7t Nam (2.9.1945 \u2013 2.9.2025) (2025)<br>- Tri\u1ec3n l\u00e3m \"D\u0103ng tay\" CLB Ngh\u1ec7 s\u0129 Tr\u1ebb - H\u1ed9i M\u1ef9 thu\u1eadt Vi\u1ec7t Nam (2025)<br>- Tri\u1ec3n l\u00e3m M\u1ef9 thu\u1eadt giao l\u01b0u Vi\u1ec7t - Trung \"T\u00f4 m\u00e0u t\u00ecnh b\u1ea1n n\u00fai bi\u1ec3n c\u00f9ng ca\" t\u1ea1i B\u1ea3o t\u00e0ng M\u1ef9 thu\u1eadt Vi\u1ec7n H\u1ed9i ho\u1ea1 Qu\u1ea3ng T\u00e2y, Trung Qu\u1ed1c (2025)<br>- Tri\u1ec5n l\u00e3m trung b\u00e0y c\u00e1c t\u00e1c ph\u1ea9m chung kh\u1ea3o cu\u1ed9c thi UOB Painting of the year l\u1ea7n th\u1ee9 3 n\u0103m 2025<\/pre>\n<\/div>\n<\/div>\n<\/div>\n<\/div>\n<\/div>\n\n\n\n<p class=\"gutenify-section-c3a3d0a0-ceda-11ef-b251-e36da501a262 has-large-font-size\" style=\"border-style:none;border-width:0px;font-style:normal;font-weight:1000;letter-spacing:1px;line-height:1\"> <strong>GI\u1ea2I TH\u01af\u1edeNG V\u00c0 TH\u00c0NH T\u1ef0U<\/strong><\/p>\n\n\n\n\n<figure class=\"wp-block-pullquote\" style=\"border-style:none;border-width:0px;margin-top:0;margin-bottom:0;font-size:clamp(14.642px, 0.915rem + ((1vw - 3.2px) * 0.836), 22px);font-style:normal;font-weight:1000;letter-spacing:2px;line-height:0\"><blockquote><p>2024<\/p><\/blockquote><\/figure>\n\n\n\n\n<strong>Gi\u1ea3i Nh\u1ea5t \u2013 LI\u00caN HOAN M\u1ef8 THU\u1eacT TR\u1eba TO\u00c0N QU\u1ed0C<\/strong>\n\n\n\nB\u1ed9 V\u0103n h\u00f3a, Th\u1ec3 thao v\u00e0 Du l\u1ecbch Vi\u1ec7t Nam<br>C\u1ee5c M\u1ef9 thu\u1eadt, Nhi\u1ebfp \u1ea3nh v\u00e0 Tri\u1ec3n l\u00e3m\n\n\n\n\n\n<strong><strong>Gi\u1ea3i th\u01b0\u1edfng H\u1ed9i M\u1ef9 thu\u1eadt Vi\u1ec7t Nam<\/strong> <strong> \u2013 <\/strong> LI\u00caN HOAN M\u1ef8 THU\u1eacT TR\u1eba TO\u00c0N QU\u1ed0C<\/strong>\n\n\n\nB\u1ed9 V\u0103n h\u00f3a, Th\u1ec3 thao v\u00e0 Du l\u1ecbch Vi\u1ec7t Nam<br>C\u1ee5c M\u1ef9 thu\u1eadt, Nhi\u1ebfp \u1ea3nh v\u00e0 Tri\u1ec3n l\u00e3m\n\n\n\n\n\n<strong><strong>Gi\u1ea3i A \u2013 TRI\u1ec2N L\u00c3M M\u1ef8 THU\u1eacT KHU V\u1ef0C 1<\/strong><\/strong>\n\n\n\nH\u1ed9i M\u1ef9 thu\u1eadt Vi\u1ec7t Nam\n\n\n\n\n<div style=\"height:20px\" aria-hidden=\"true\" class=\"wp-block-spacer\"><\/div>\n\n\n\n<figure class=\"wp-block-pullquote\" style=\"border-style:none;border-width:0px;margin-top:0;margin-bottom:0;font-size:clamp(14.642px, 0.915rem + ((1vw - 3.2px) * 0.836), 22px);font-style:normal;font-weight:1000;letter-spacing:2px;line-height:0\"><blockquote><p>2023<\/p><\/blockquote><\/figure>\n\n\n\n\n<strong><strong>Gi\u1ea3i th\u01b0\u1edfng Ngh\u1ec7 s\u0129 Tr\u1ebb T\u00e0i n\u0103ng \u2013 <\/strong><\/strong><strong><strong>TRI\u1ec2N L\u00c3M C\u00c2U L\u1ea0C B\u1ed8 H\u1eccA S\u0128 TR\u1eba TO\u00c0N QU\u1ed0C<\/strong><\/strong>\n\n\n\nH\u1ed9i M\u1ef9 thu\u1eadt Vi\u1ec7t Nam<br>C\u00e2u l\u1ea1c b\u1ed9 H\u1ecda s\u0129 tr\u1ebb Vi\u1ec7t Nam\n\n\n\n\n<div style=\"height:20px\" aria-hidden=\"true\" class=\"wp-block-spacer\"><\/div>\n\n\n\n<figure class=\"wp-block-pullquote\" style=\"border-style:none;border-width:0px;margin-top:0;margin-bottom:0;font-size:clamp(14.642px, 0.915rem + ((1vw - 3.2px) * 0.836), 22px);font-style:normal;font-weight:1000;letter-spacing:2px;line-height:0\"><blockquote><p>2021<\/p><\/blockquote><\/figure>\n\n\n\n\n<strong><strong>Gi\u1ea3i th\u01b0\u1edfng Ngh\u1ec7 s\u0129 Tr\u1ebb T\u00e0i n\u0103ng \u2013 <\/strong><\/strong><strong><strong>TRI\u1ec2N L\u00c3M C\u00c2U L\u1ea0C B\u1ed8 H\u1eccA S\u0128 TR\u1eba TO\u00c0N QU\u1ed0C<\/strong><\/strong>\n\n\n\nH\u1ed9i M\u1ef9 thu\u1eadt Vi\u1ec7t Nam<br>C\u00e2u l\u1ea1c b\u1ed9 H\u1ecda s\u0129 tr\u1ebb Vi\u1ec7t Nam\n\n\n\n\n<div style=\"height:20px\" aria-hidden=\"true\" class=\"wp-block-spacer\"><\/div>\n\n\n\n<figure class=\"wp-block-pullquote\" style=\"border-style:none;border-width:0px;margin-top:0;margin-bottom:0;font-size:clamp(14.642px, 0.915rem + ((1vw - 3.2px) * 0.836), 22px);font-style:normal;font-weight:1000;letter-spacing:2px;line-height:0\"><blockquote><p>2020<\/p><\/blockquote><\/figure>\n\n\n\n\n<strong><strong>Gi\u1ea3i Nh\u1ea5t \u2013 TRI\u1ec2N L\u00c3M M\u1ef8 THU\u1eacT SINH VI\u00caN <\/strong><\/strong>\n\n\n\nTr\u01b0\u1eddng \u0110\u1ea1i h\u1ecdc M\u1ef9 thu\u1eadt Vi\u1ec7t Nam\n\n\n\n\n<p><\/p>","protected":false},"excerpt":{"rendered":"<p>2024 2023 2021 2020<\/p>","protected":false},"author":1,"featured_media":0,"parent":0,"menu_order":0,"comment_status":"closed","ping_status":"closed","template":"","meta":{"pagelayer_contact_templates":[],"_pagelayer_content":"","_monsterinsights_skip_tracking":false,"_monsterinsights_sitenote_active":false,"_monsterinsights_sitenote_note":"","_monsterinsights_sitenote_category":0,"footnotes":""},"class_list":["post-38","page","type-page","status-publish","hentry"],"_links":{"self":[{"href":"https:\/\/vanghaihung.com\/vi\/wp-json\/wp\/v2\/pages\/38","targetHints":{"allow":["GET"]}}],"collection":[{"href":"https:\/\/vanghaihung.com\/vi\/wp-json\/wp\/v2\/pages"}],"about":[{"href":"https:\/\/vanghaihung.com\/vi\/wp-json\/wp\/v2\/types\/page"}],"author":[{"embeddable":true,"href":"https:\/\/vanghaihung.com\/vi\/wp-json\/wp\/v2\/users\/1"}],"replies":[{"embeddable":true,"href":"https:\/\/vanghaihung.com\/vi\/wp-json\/wp\/v2\/comments?post=38"}],"version-history":[{"count":91,"href":"https:\/\/vanghaihung.com\/vi\/wp-json\/wp\/v2\/pages\/38\/revisions"}],"predecessor-version":[{"id":642,"href":"https:\/\/vanghaihung.com\/vi\/wp-json\/wp\/v2\/pages\/38\/revisions\/642"}],"wp:attachment":[{"href":"https:\/\/vanghaihung.com\/vi\/wp-json\/wp\/v2\/media?parent=38"}],"curies":[{"name":"wp","href":"https:\/\/api.w.org\/{rel}","templated":true}]}}