{"id":34,"date":"2025-01-07T09:40:27","date_gmt":"2025-01-07T09:40:27","guid":{"rendered":"https:\/\/vanghaihung.com\/contact\/"},"modified":"2026-03-16T15:50:56","modified_gmt":"2026-03-16T15:50:56","slug":"contact","status":"publish","type":"page","link":"https:\/\/vanghaihung.com\/vi\/contact\/","title":{"rendered":"Contact &#8211; Vang Hai Hung"},"content":{"rendered":"<p class=\"gutenify-section-46234250-ced0-11ef-9cd7-35a56919c890 has-large-font-size\" style=\"margin-top:var(--wp--preset--spacing--x-small);margin-right:0;margin-bottom:var(--wp--preset--spacing--x-small);margin-left:0\">M\u1ecdi \u00fd t\u01b0\u1edfng h\u1ee3p t\u00e1c, l\u1eddi m\u1eddi tri\u1ec3n l\u00e3m ho\u1eb7c th\u1eafc m\u1eafc c\u00e1 nh\u00e2n, xin vui l\u00f2ng li\u00ean h\u1ec7:<\/p>\n\n\n\n<div class=\"wp-block-columns gutenify-section-4749d510-cedd-11ef-ab9f-79c0db742317 is-layout-flex wp-container-core-columns-is-layout-28f84493 wp-block-columns-is-layout-flex\">\n<div class=\"wp-block-column gutenify-section-4748eab0-cedd-11ef-ab9f-79c0db742317 is-layout-flow wp-block-column-is-layout-flow\" style=\"flex-basis:100%\">\n<div class=\"wp-block-group gutenify-section-3feee5d0-cedd-11ef-ab9f-79c0db742317 is-vertical is-layout-flex wp-container-core-group-is-layout-fe9cc265 wp-block-group-is-layout-flex\">\n<p class=\"gutenify-section-f3144a00-cecf-11ef-9a8b-afd52561a19c\" style=\"line-height:0.9\">Facebook: <a href=\"https:\/\/www.facebook.com\/davishaihung.vang\/?locale=nb_NO\" target=\"_blank\" rel=\"noreferrer noopener\">Vanghaihung &#8211; Facebook<\/a><\/p>\n\n\n\n<p class=\"gutenify-section-08df0e10-ced0-11ef-9a8b-afd52561a19c\" style=\"line-height:0.9\">Instagram: <a href=\"https:\/\/www.instagram.com\/haihungvang\/\" target=\"_blank\" rel=\"noreferrer noopener\">Vanghaihung &#8211; Instagram<\/a><\/p>\n\n\n\n<p class=\"gutenify-section-e059d330-cecf-11ef-9a8b-afd52561a19c\" style=\"line-height:0.9\">Email: vanghaihung1995@gmail.com<\/p>\n\n\n\n<p class=\"gutenify-section-36279d60-ced0-11ef-9cd7-35a56919c890\" style=\"line-height:0.9\">S\u0111t: (84) 0972 354277<\/p>\n<\/div>\n<\/div>\n<\/div>\n\n\n\n\n\n\n\n\n\n<p class=\"gutenify-section-dbdfe3d0-cecf-11ef-9a8b-afd52561a19c\"><\/p>\n\n\n\n<figure class=\"wp-block-embed is-type-video is-provider-youtube wp-block-embed-youtube wp-embed-aspect-16-9 wp-has-aspect-ratio gutenify-section-898ed160-cedc-11ef-96eb-1b394dbe3589\"><div class=\"wp-block-embed__wrapper\">\n<iframe loading=\"lazy\" title=\"Phim T\u00e0i Li\u1ec7u &quot;Con Thuy\u1ec1n Gi\u1ea5y&quot;\" width=\"500\" height=\"281\" src=\"https:\/\/www.youtube.com\/embed\/nF2y2YvJpWw?feature=oembed\" frameborder=\"0\" allow=\"accelerometer; autoplay; clipboard-write; encrypted-media; gyroscope; picture-in-picture; web-share\" referrerpolicy=\"strict-origin-when-cross-origin\" allowfullscreen><\/iframe>\n<\/div><\/figure>\n\n\n\n<p class=\"gutenify-section-bdc46860-cedb-11ef-96eb-1b394dbe3589\"><\/p>\n\n\n\n\n\n\n\n\n\n<p><\/p>","protected":false},"excerpt":{"rendered":"","protected":false},"author":1,"featured_media":0,"parent":0,"menu_order":0,"comment_status":"closed","ping_status":"closed","template":"","meta":{"pagelayer_contact_templates":{"shj1734":{"from_email":"$email","cont_subject":"contact-form","cont_header":"$name, $contact, $website, $email, $subject, $description","cont_use_html":"true"}},"_pagelayer_content":"","_monsterinsights_skip_tracking":false,"_monsterinsights_sitenote_active":false,"_monsterinsights_sitenote_note":"","_monsterinsights_sitenote_category":0,"footnotes":""},"class_list":["post-34","page","type-page","status-publish","hentry"],"_links":{"self":[{"href":"https:\/\/vanghaihung.com\/vi\/wp-json\/wp\/v2\/pages\/34","targetHints":{"allow":["GET"]}}],"collection":[{"href":"https:\/\/vanghaihung.com\/vi\/wp-json\/wp\/v2\/pages"}],"about":[{"href":"https:\/\/vanghaihung.com\/vi\/wp-json\/wp\/v2\/types\/page"}],"author":[{"embeddable":true,"href":"https:\/\/vanghaihung.com\/vi\/wp-json\/wp\/v2\/users\/1"}],"replies":[{"embeddable":true,"href":"https:\/\/vanghaihung.com\/vi\/wp-json\/wp\/v2\/comments?post=34"}],"version-history":[{"count":18,"href":"https:\/\/vanghaihung.com\/vi\/wp-json\/wp\/v2\/pages\/34\/revisions"}],"predecessor-version":[{"id":647,"href":"https:\/\/vanghaihung.com\/vi\/wp-json\/wp\/v2\/pages\/34\/revisions\/647"}],"wp:attachment":[{"href":"https:\/\/vanghaihung.com\/vi\/wp-json\/wp\/v2\/media?parent=34"}],"curies":[{"name":"wp","href":"https:\/\/api.w.org\/{rel}","templated":true}]}}